{"id":20,"date":"2020-04-16T15:12:14","date_gmt":"2020-04-16T13:12:14","guid":{"rendered":"http:\/\/mesjeuxdemario.net\/actualit%C3%A9s\/?page_id=20"},"modified":"2020-04-16T15:32:30","modified_gmt":"2020-04-16T13:32:30","slug":"contact","status":"publish","type":"page","link":"https:\/\/mesjeuxdemario.net\/actualit%C3%A9s\/contact\/","title":{"rendered":"Contact"},"content":{"rendered":"\n<p>Pour contacter l&rsquo;\u00e9quipe du site <a rel=\"noreferrer noopener\" href=\"https:\/\/mesjeuxdemario.net\" target=\"_blank\">https:\/\/mesjeuxdemario.net<\/a>, vous pouvez utiliser le formulaire de contact ci-dessous : <\/p>\n\n\n\n\n<div class=\"wpcf7 no-js\" id=\"wpcf7-f34-o1\" lang=\"fr-FR\" dir=\"ltr\">\n<div class=\"screen-reader-response\"><p role=\"status\" aria-live=\"polite\" aria-atomic=\"true\"><\/p> <ul><\/ul><\/div>\n<form action=\"\/actualit%C3%A9s\/wp-json\/wp\/v2\/pages\/20#wpcf7-f34-o1\" method=\"post\" class=\"wpcf7-form init\" aria-label=\"Formulaire de contact\" novalidate=\"novalidate\" data-status=\"init\">\n<div style=\"display: none;\">\n<input type=\"hidden\" name=\"_wpcf7\" value=\"34\" \/>\n<input type=\"hidden\" name=\"_wpcf7_version\" value=\"5.7.3\" \/>\n<input type=\"hidden\" name=\"_wpcf7_locale\" value=\"fr_FR\" \/>\n<input type=\"hidden\" name=\"_wpcf7_unit_tag\" value=\"wpcf7-f34-o1\" \/>\n<input type=\"hidden\" name=\"_wpcf7_container_post\" value=\"0\" \/>\n<input type=\"hidden\" name=\"_wpcf7_posted_data_hash\" value=\"\" \/>\n<input type=\"hidden\" name=\"_wpcf7_recaptcha_response\" value=\"\" \/>\n<\/div>\n<p><label> Votre nom (obligatoire)<br \/>\n<span class=\"wpcf7-form-control-wrap\" data-name=\"your-name\"><input size=\"40\" class=\"wpcf7-form-control wpcf7-text wpcf7-validates-as-required\" aria-required=\"true\" aria-invalid=\"false\" value=\"\" type=\"text\" name=\"your-name\" \/><\/span> <\/label>\n<\/p>\n<p><label> Votre adresse de messagerie (obligatoire)<br \/>\n<span class=\"wpcf7-form-control-wrap\" data-name=\"your-email\"><input size=\"40\" class=\"wpcf7-form-control wpcf7-text wpcf7-email wpcf7-validates-as-required wpcf7-validates-as-email\" aria-required=\"true\" aria-invalid=\"false\" value=\"\" type=\"email\" name=\"your-email\" \/><\/span> <\/label>\n<\/p>\n<p><label> Objet<br \/>\n<span class=\"wpcf7-form-control-wrap\" data-name=\"your-subject\"><input size=\"40\" class=\"wpcf7-form-control wpcf7-text\" aria-invalid=\"false\" value=\"\" type=\"text\" name=\"your-subject\" \/><\/span> <\/label>\n<\/p>\n<p><label> Votre message<br \/>\n<span class=\"wpcf7-form-control-wrap\" data-name=\"your-message\"><textarea cols=\"40\" rows=\"10\" class=\"wpcf7-form-control wpcf7-textarea\" aria-invalid=\"false\" name=\"your-message\"><\/textarea><\/span> <\/label>\n<\/p>\n<p><input class=\"wpcf7-form-control has-spinner wpcf7-submit\" type=\"submit\" value=\"Envoyer\" \/>\n<\/p><div class=\"wpcf7-response-output\" aria-hidden=\"true\"><\/div>\n<\/form>\n<\/div>\n\n","protected":false},"excerpt":{"rendered":"<p>Pour contacter l&rsquo;\u00e9quipe du site https:\/\/mesjeuxdemario.net, vous pouvez utiliser le formulaire de contact ci-dessous :<\/p>\n","protected":false},"author":1,"featured_media":0,"parent":0,"menu_order":0,"comment_status":"closed","ping_status":"closed","template":"","meta":[],"yoast_head":"<!-- This site is optimized with the Yoast SEO plugin v20.1 - https:\/\/yoast.com\/wordpress\/plugins\/seo\/ -->\n<title>Contact - L&#039;actualit\u00e9 des jeux de mario<\/title>\n<meta name=\"robots\" content=\"index, follow, max-snippet:-1, max-image-preview:large, max-video-preview:-1\" \/>\n<link rel=\"canonical\" href=\"https:\/\/mesjeuxdemario.net\/actualit\u00e9s\/contact\/\" \/>\n<meta property=\"og:locale\" content=\"fr_FR\" \/>\n<meta property=\"og:type\" content=\"article\" \/>\n<meta property=\"og:title\" content=\"Contact - L&#039;actualit\u00e9 des jeux de mario\" \/>\n<meta property=\"og:description\" content=\"Pour contacter l&rsquo;\u00e9quipe du site https:\/\/mesjeuxdemario.net, vous pouvez utiliser le formulaire de contact ci-dessous :\" \/>\n<meta property=\"og:url\" content=\"https:\/\/mesjeuxdemario.net\/actualit\u00e9s\/contact\/\" \/>\n<meta property=\"og:site_name\" content=\"L&#039;actualit\u00e9 des jeux de mario\" \/>\n<meta property=\"article:modified_time\" content=\"2020-04-16T13:32:30+00:00\" \/>\n<meta name=\"twitter:card\" content=\"summary_large_image\" \/>\n<script type=\"application\/ld+json\" class=\"yoast-schema-graph\">{\"@context\":\"https:\/\/schema.org\",\"@graph\":[{\"@type\":\"WebPage\",\"@id\":\"https:\/\/mesjeuxdemario.net\/actualit%C3%A9s\/contact\/\",\"url\":\"https:\/\/mesjeuxdemario.net\/actualit%C3%A9s\/contact\/\",\"name\":\"Contact - L&#039;actualit\u00e9 des jeux de mario\",\"isPartOf\":{\"@id\":\"https:\/\/mesjeuxdemario.net\/actualit%C3%A9s\/#website\"},\"datePublished\":\"2020-04-16T13:12:14+00:00\",\"dateModified\":\"2020-04-16T13:32:30+00:00\",\"breadcrumb\":{\"@id\":\"https:\/\/mesjeuxdemario.net\/actualit%C3%A9s\/contact\/#breadcrumb\"},\"inLanguage\":\"fr-FR\",\"potentialAction\":[{\"@type\":\"ReadAction\",\"target\":[\"https:\/\/mesjeuxdemario.net\/actualit%C3%A9s\/contact\/\"]}]},{\"@type\":\"BreadcrumbList\",\"@id\":\"https:\/\/mesjeuxdemario.net\/actualit%C3%A9s\/contact\/#breadcrumb\",\"itemListElement\":[{\"@type\":\"ListItem\",\"position\":1,\"name\":\"Accueil\",\"item\":\"https:\/\/mesjeuxdemario.net\/actualit%C3%A9s\/\"},{\"@type\":\"ListItem\",\"position\":2,\"name\":\"Contact\"}]},{\"@type\":\"WebSite\",\"@id\":\"https:\/\/mesjeuxdemario.net\/actualit%C3%A9s\/#website\",\"url\":\"https:\/\/mesjeuxdemario.net\/actualit%C3%A9s\/\",\"name\":\"L&#039;actualit\u00e9 des jeux de mario\",\"description\":\"Blog d\u00e9di\u00e9 \u00e0 l&#039;actualit\u00e9 des jeux de mario\",\"potentialAction\":[{\"@type\":\"SearchAction\",\"target\":{\"@type\":\"EntryPoint\",\"urlTemplate\":\"https:\/\/mesjeuxdemario.net\/actualit%C3%A9s\/?s={search_term_string}\"},\"query-input\":\"required name=search_term_string\"}],\"inLanguage\":\"fr-FR\"}]}<\/script>\n<!-- \/ Yoast SEO plugin. -->","yoast_head_json":{"title":"Contact - L&#039;actualit\u00e9 des jeux de mario","robots":{"index":"index","follow":"follow","max-snippet":"max-snippet:-1","max-image-preview":"max-image-preview:large","max-video-preview":"max-video-preview:-1"},"canonical":"https:\/\/mesjeuxdemario.net\/actualit\u00e9s\/contact\/","og_locale":"fr_FR","og_type":"article","og_title":"Contact - L&#039;actualit\u00e9 des jeux de mario","og_description":"Pour contacter l&rsquo;\u00e9quipe du site https:\/\/mesjeuxdemario.net, vous pouvez utiliser le formulaire de contact ci-dessous :","og_url":"https:\/\/mesjeuxdemario.net\/actualit\u00e9s\/contact\/","og_site_name":"L&#039;actualit\u00e9 des jeux de mario","article_modified_time":"2020-04-16T13:32:30+00:00","twitter_card":"summary_large_image","schema":{"@context":"https:\/\/schema.org","@graph":[{"@type":"WebPage","@id":"https:\/\/mesjeuxdemario.net\/actualit%C3%A9s\/contact\/","url":"https:\/\/mesjeuxdemario.net\/actualit%C3%A9s\/contact\/","name":"Contact - L&#039;actualit\u00e9 des jeux de mario","isPartOf":{"@id":"https:\/\/mesjeuxdemario.net\/actualit%C3%A9s\/#website"},"datePublished":"2020-04-16T13:12:14+00:00","dateModified":"2020-04-16T13:32:30+00:00","breadcrumb":{"@id":"https:\/\/mesjeuxdemario.net\/actualit%C3%A9s\/contact\/#breadcrumb"},"inLanguage":"fr-FR","potentialAction":[{"@type":"ReadAction","target":["https:\/\/mesjeuxdemario.net\/actualit%C3%A9s\/contact\/"]}]},{"@type":"BreadcrumbList","@id":"https:\/\/mesjeuxdemario.net\/actualit%C3%A9s\/contact\/#breadcrumb","itemListElement":[{"@type":"ListItem","position":1,"name":"Accueil","item":"https:\/\/mesjeuxdemario.net\/actualit%C3%A9s\/"},{"@type":"ListItem","position":2,"name":"Contact"}]},{"@type":"WebSite","@id":"https:\/\/mesjeuxdemario.net\/actualit%C3%A9s\/#website","url":"https:\/\/mesjeuxdemario.net\/actualit%C3%A9s\/","name":"L&#039;actualit\u00e9 des jeux de mario","description":"Blog d\u00e9di\u00e9 \u00e0 l&#039;actualit\u00e9 des jeux de mario","potentialAction":[{"@type":"SearchAction","target":{"@type":"EntryPoint","urlTemplate":"https:\/\/mesjeuxdemario.net\/actualit%C3%A9s\/?s={search_term_string}"},"query-input":"required name=search_term_string"}],"inLanguage":"fr-FR"}]}},"_links":{"self":[{"href":"https:\/\/mesjeuxdemario.net\/actualit%C3%A9s\/wp-json\/wp\/v2\/pages\/20"}],"collection":[{"href":"https:\/\/mesjeuxdemario.net\/actualit%C3%A9s\/wp-json\/wp\/v2\/pages"}],"about":[{"href":"https:\/\/mesjeuxdemario.net\/actualit%C3%A9s\/wp-json\/wp\/v2\/types\/page"}],"author":[{"embeddable":true,"href":"https:\/\/mesjeuxdemario.net\/actualit%C3%A9s\/wp-json\/wp\/v2\/users\/1"}],"replies":[{"embeddable":true,"href":"https:\/\/mesjeuxdemario.net\/actualit%C3%A9s\/wp-json\/wp\/v2\/comments?post=20"}],"version-history":[{"count":2,"href":"https:\/\/mesjeuxdemario.net\/actualit%C3%A9s\/wp-json\/wp\/v2\/pages\/20\/revisions"}],"predecessor-version":[{"id":35,"href":"https:\/\/mesjeuxdemario.net\/actualit%C3%A9s\/wp-json\/wp\/v2\/pages\/20\/revisions\/35"}],"wp:attachment":[{"href":"https:\/\/mesjeuxdemario.net\/actualit%C3%A9s\/wp-json\/wp\/v2\/media?parent=20"}],"curies":[{"name":"wp","href":"https:\/\/api.w.org\/{rel}","templated":true}]}}